 {"id":14334,"date":"2025-04-09T13:02:55","date_gmt":"2025-04-09T16:02:55","guid":{"rendered":"https:\/\/cafesg.gob.ar\/cafesg2\/?page_id=14334"},"modified":"2025-10-07T12:24:40","modified_gmt":"2025-10-07T15:24:40","slug":"unidad-de-gestion-tecnica","status":"publish","type":"page","link":"https:\/\/cafesg.gob.ar\/cafesg2\/unidad-de-gestion-tecnica\/","title":{"rendered":"Unidad de Gesti\u00f3n T\u00e9cnica"},"content":{"rendered":"\t\t<div data-elementor-type=\"wp-page\" data-elementor-id=\"14334\" class=\"elementor elementor-14334\">\n\t\t\t\t\t\t\t\t\t<section data-particle_enable=\"false\" data-particle-mobile-disabled=\"false\" class=\"elementor-section elementor-top-section elementor-element elementor-element-35a5fa9 elementor-section-full_width elementor-section-height-min-height elementor-section-content-middle elementor-section-height-default elementor-section-items-middle\" data-id=\"35a5fa9\" data-element_type=\"section\" data-settings=\"{&quot;background_background&quot;:&quot;classic&quot;}\">\n\t\t\t\t\t\t\t<div class=\"elementor-background-overlay\"><\/div>\n\t\t\t\t\t\t\t<div class=\"elementor-container elementor-column-gap-default\">\n\t\t\t\t\t<div class=\"elementor-column elementor-col-100 elementor-top-column elementor-element elementor-element-d05f673\" data-id=\"d05f673\" data-element_type=\"column\" data-settings=\"{&quot;background_background&quot;:&quot;classic&quot;}\">\n\t\t\t<div class=\"elementor-widget-wrap\">\n\t\t\t\t\t\t\t\t\t<\/div>\n\t\t<\/div>\n\t\t\t\t\t\t\t<\/div>\n\t\t<\/section>\n\t\t\t\t<section data-particle_enable=\"false\" data-particle-mobile-disabled=\"false\" class=\"elementor-section elementor-top-section elementor-element elementor-element-db3b06d elementor-section-boxed elementor-section-height-default elementor-section-height-default\" data-id=\"db3b06d\" data-element_type=\"section\" data-settings=\"{&quot;background_background&quot;:&quot;classic&quot;}\">\n\t\t\t\t\t\t\t<div class=\"elementor-background-overlay\"><\/div>\n\t\t\t\t\t\t\t<div class=\"elementor-container elementor-column-gap-default\">\n\t\t\t\t\t<div class=\"elementor-column elementor-col-100 elementor-top-column elementor-element elementor-element-c6f6624\" data-id=\"c6f6624\" data-element_type=\"column\">\n\t\t\t<div class=\"elementor-widget-wrap elementor-element-populated\">\n\t\t\t\t\t\t\t\t<div class=\"elementor-element elementor-element-8e650f2 elementor-widget elementor-widget-text-editor\" data-id=\"8e650f2\" data-element_type=\"widget\" data-widget_type=\"text-editor.default\">\n\t\t\t\t<div class=\"elementor-widget-container\">\n\t\t\t<style>\/*! elementor - v3.6.1 - 23-03-2022 *\/\n.elementor-widget-text-editor.elementor-drop-cap-view-stacked .elementor-drop-cap{background-color:#818a91;color:#fff}.elementor-widget-text-editor.elementor-drop-cap-view-framed .elementor-drop-cap{color:#818a91;border:3px solid;background-color:transparent}.elementor-widget-text-editor:not(.elementor-drop-cap-view-default) .elementor-drop-cap{margin-top:8px}.elementor-widget-text-editor:not(.elementor-drop-cap-view-default) .elementor-drop-cap-letter{width:1em;height:1em}.elementor-widget-text-editor .elementor-drop-cap{float:left;text-align:center;line-height:1;font-size:50px}.elementor-widget-text-editor .elementor-drop-cap-letter{display:inline-block}<\/style>\t\t\t\t<p>A partir de la firma de un convenio entre el Consejo Federal de Inversiones (CFI) y la Provincia de Entre R\u00edos para brindar herramientas financieras destinadas a fortalecer el desarrollo productivo de Entre R\u00edos, se cre\u00f3 la Unidad de Gesti\u00f3n T\u00e9cnica en Concordia que estar\u00e1 a cargo de CAFESG.<br \/>Esta Unidad tendr\u00e1 a su cargo varias funciones: difusi\u00f3n y promoci\u00f3n de las l\u00edneas de cr\u00e9dito vigentes; asesoramiento personalizado a productores y PyMEs en la gesti\u00f3n de cr\u00e9ditos y el registro y seguimiento de los proyectos presentados y contar\u00e1 con el acompa\u00f1amiento de la Unidad Operadora Provincial del CFI y del Fondo de Garant\u00edas de Entre R\u00edos (FOGAER), garantizando un asesoramiento integral y de calidad.<\/p>\t\t\t\t\t\t<\/div>\n\t\t\t\t<\/div>\n\t\t\t\t\t<\/div>\n\t\t<\/div>\n\t\t\t\t\t\t\t<\/div>\n\t\t<\/section>\n\t\t\t\t<section data-particle_enable=\"false\" data-particle-mobile-disabled=\"false\" class=\"elementor-section elementor-top-section elementor-element elementor-element-8f34cd4 elementor-section-boxed elementor-section-height-default elementor-section-height-default\" data-id=\"8f34cd4\" data-element_type=\"section\">\n\t\t\t\t\t\t\t<div class=\"elementor-background-overlay\"><\/div>\n\t\t\t\t\t\t\t<div class=\"elementor-container elementor-column-gap-default\">\n\t\t\t\t\t<div class=\"elementor-column elementor-col-100 elementor-top-column elementor-element elementor-element-e2e7bbb\" data-id=\"e2e7bbb\" data-element_type=\"column\" data-settings=\"{&quot;background_background&quot;:&quot;classic&quot;}\">\n\t\t\t<div class=\"elementor-widget-wrap elementor-element-populated\">\n\t\t\t\t\t<div class=\"elementor-background-overlay\"><\/div>\n\t\t\t\t\t\t\t\t<div class=\"elementor-element elementor-element-dbf7913 elementor-widget elementor-widget-text-editor\" data-id=\"dbf7913\" data-element_type=\"widget\" data-widget_type=\"text-editor.default\">\n\t\t\t\t<div class=\"elementor-widget-container\">\n\t\t\t\t\t\t\t<p>Para conocer las l\u00edneas de financiamiento disponibles puede ingresar en:\u00a0 <a href=\"https:\/\/cfi.org.ar\/creditos\" target=\"_blank\" rel=\"noopener\">Cr\u00e9ditos CFI\u00a0<\/a><\/p><p>Si alguna de las lineas de cr\u00e9dito le resulta de inter\u00e9s, complete el siguiente formulario y nos pondremos en contacto para asesorarlo.<\/p>\t\t\t\t\t\t<\/div>\n\t\t\t\t<\/div>\n\t\t\t\t<div class=\"elementor-element elementor-element-5617c36 elementor-align-center toggle-formulario elementor-widget elementor-widget-button\" data-id=\"5617c36\" data-element_type=\"widget\" id=\"boton_formulario_cfi\" data-widget_type=\"button.default\">\n\t\t\t\t<div class=\"elementor-widget-container\">\n\t\t\t\t\t<div class=\"elementor-button-wrapper\">\n\t\t\t<a href=\"#botont_formulario_cfi\" class=\"elementor-button-link elementor-button elementor-size-sm\" role=\"button\">\n\t\t\t\t\t\t<span class=\"elementor-button-content-wrapper\">\n\t\t\t\t\t\t<span class=\"elementor-button-text\"> Abrir Formulario<\/span>\n\t\t<\/span>\n\t\t\t\t\t<\/a>\n\t\t<\/div>\n\t\t\t\t<\/div>\n\t\t\t\t<\/div>\n\t\t\t\t\t<\/div>\n\t\t<\/div>\n\t\t\t\t\t\t\t<\/div>\n\t\t<\/section>\n\t\t\t\t<section data-particle_enable=\"false\" data-particle-mobile-disabled=\"false\" class=\"elementor-section elementor-top-section elementor-element elementor-element-36fb490 elementor-section-boxed elementor-section-height-default elementor-section-height-default\" data-id=\"36fb490\" data-element_type=\"section\" id=\"content_formulario_cfi\">\n\t\t\t\t\t\t\t<div class=\"elementor-background-overlay\"><\/div>\n\t\t\t\t\t\t\t<div class=\"elementor-container elementor-column-gap-default\">\n\t\t\t\t\t<div class=\"elementor-column elementor-col-100 elementor-top-column elementor-element elementor-element-f705257\" data-id=\"f705257\" data-element_type=\"column\">\n\t\t\t<div class=\"elementor-widget-wrap elementor-element-populated\">\n\t\t\t\t\t\t\t\t<div class=\"elementor-element elementor-element-ef06ace elementor-button-align-end elementor-widget__width-auto elementor-widget elementor-widget-form\" data-id=\"ef06ace\" data-element_type=\"widget\" data-settings=\"{&quot;step_next_label&quot;:&quot;Siguiente&quot;,&quot;step_previous_label&quot;:&quot;Anterior&quot;,&quot;button_width&quot;:&quot;100&quot;,&quot;step_type&quot;:&quot;number_text&quot;,&quot;step_icon_shape&quot;:&quot;circle&quot;}\" data-widget_type=\"form.default\">\n\t\t\t\t<div class=\"elementor-widget-container\">\n\t\t\t\t\t<form class=\"elementor-form\" method=\"post\" id=\"formulario-cfi\" name=\"formulario-cfi\">\n\t\t\t<input type=\"hidden\" name=\"post_id\" value=\"14334\"\/>\n\t\t\t<input type=\"hidden\" name=\"form_id\" value=\"ef06ace\"\/>\n\n\t\t\t\n\t\t\t<div class=\"elementor-form-fields-wrapper elementor-labels-above\">\n\t\t\t\t\t\t\t\t<div class=\"elementor-field-type-number elementor-field-group elementor-column elementor-field-group-cfi_cuit elementor-col-25 elementor-field-required elementor-mark-required\">\n\t\t\t\t\t<label for=\"form-field-cfi_cuit\" class=\"elementor-field-label\">CUIT<\/label><input type=\"number\" name=\"form_fields[cfi_cuit]\" id=\"form-field-cfi_cuit\" class=\"elementor-field elementor-size-sm  elementor-field-textual\" placeholder=\"solo numeros\" required=\"required\" aria-required=\"true\" min=\"\" max=\"\">\t\t\t\t<\/div>\n\t\t\t\t\t\t\t\t<div class=\"elementor-field-type-text elementor-field-group elementor-column elementor-field-group-cfi_empresa elementor-col-75 elementor-field-required elementor-mark-required\">\n\t\t\t\t\t<label for=\"form-field-cfi_empresa\" class=\"elementor-field-label\">Nombre de la Empresa<\/label><input size=\"1\" type=\"text\" name=\"form_fields[cfi_empresa]\" id=\"form-field-cfi_empresa\" class=\"elementor-field elementor-size-sm  elementor-field-textual\" required=\"required\" aria-required=\"true\">\t\t\t\t<\/div>\n\t\t\t\t\t\t\t\t<div class=\"elementor-field-type-text elementor-field-group elementor-column elementor-field-group-cfi_contacto elementor-col-40 elementor-field-required elementor-mark-required\">\n\t\t\t\t\t<label for=\"form-field-cfi_contacto\" class=\"elementor-field-label\">Nombre del Contacto<\/label><input size=\"1\" type=\"text\" name=\"form_fields[cfi_contacto]\" id=\"form-field-cfi_contacto\" class=\"elementor-field elementor-size-sm  elementor-field-textual\" required=\"required\" aria-required=\"true\">\t\t\t\t<\/div>\n\t\t\t\t\t\t\t\t<div class=\"elementor-field-type-text elementor-field-group elementor-column elementor-field-group-cfi_actividad elementor-col-60 elementor-field-required elementor-mark-required\">\n\t\t\t\t\t<label for=\"form-field-cfi_actividad\" class=\"elementor-field-label\">Actividad principal<\/label><input size=\"1\" type=\"text\" name=\"form_fields[cfi_actividad]\" id=\"form-field-cfi_actividad\" class=\"elementor-field elementor-size-sm  elementor-field-textual\" required=\"required\" aria-required=\"true\">\t\t\t\t<\/div>\n\t\t\t\t\t\t\t\t<div class=\"elementor-field-type-email elementor-field-group elementor-column elementor-field-group-cfi_email elementor-col-33 elementor-field-required elementor-mark-required\">\n\t\t\t\t\t<label for=\"form-field-cfi_email\" class=\"elementor-field-label\">Correo electr\u00f3nico<\/label><input size=\"1\" type=\"email\" name=\"form_fields[cfi_email]\" id=\"form-field-cfi_email\" class=\"elementor-field elementor-size-sm  elementor-field-textual\" placeholder=\"Email\" required=\"required\" aria-required=\"true\">\t\t\t\t<\/div>\n\t\t\t\t\t\t\t\t<div class=\"elementor-field-type-tel elementor-field-group elementor-column elementor-field-group-cfi_telefono elementor-col-20 elementor-field-required elementor-mark-required\">\n\t\t\t\t\t<label for=\"form-field-cfi_telefono\" class=\"elementor-field-label\">Tel\u00e9fono<\/label><input size=\"1\" type=\"tel\" name=\"form_fields[cfi_telefono]\" id=\"form-field-cfi_telefono\" class=\"elementor-field elementor-size-sm  elementor-field-textual\" placeholder=\"999-999-9999\" required=\"required\" aria-required=\"true\" pattern=\"[0-9()#&amp;+*-=.]+\" title=\"Only numbers and phone characters (#, -, *, etc) are accepted.\">\t\t\t\t<\/div>\n\t\t\t\t\t\t\t\t<div class=\"elementor-field-type-select elementor-field-group elementor-column elementor-field-group-cfi_departamento elementor-col-33\">\n\t\t\t\t\t<label for=\"form-field-cfi_departamento\" class=\"elementor-field-label\">Departamento<\/label>\t\t<div class=\"elementor-field elementor-select-wrapper \">\n\t\t\t<select name=\"form_fields[cfi_departamento]\" id=\"form-field-cfi_departamento\" class=\"elementor-field-textual elementor-size-sm\">\n\t\t\t\t<option value=\"Col\u00f3n\">Col\u00f3n<\/option><option value=\"Concepci\u00f3n del Uruguay\">Concepci\u00f3n del Uruguay<\/option><option value=\"Concordia\">Concordia<\/option><option value=\"Federaci\u00f3n\">Federaci\u00f3n<\/option><option value=\"Federal\">Federal<\/option><option value=\"Feliciano\">Feliciano<\/option><option value=\"San Salvador\">San Salvador<\/option><option value=\"Villaguay\">Villaguay<\/option>\t\t\t<\/select>\n\t\t<\/div>\n\t\t\t\t\t\t<\/div>\n\t\t\t\t\t\t\t\t<div class=\"elementor-field-type-checkbox elementor-field-group elementor-column elementor-field-group-cfi_linea_credito elementor-col-100\">\n\t\t\t\t\t<label for=\"form-field-cfi_linea_credito\" class=\"elementor-field-label\">Linea de credito de interes<\/label><div class=\"elementor-field-subgroup  elementor-subgroup-inline\"><span class=\"elementor-field-option\"><input type=\"checkbox\" value=\"COMPETITIVIDAD PYME  \" id=\"form-field-cfi_linea_credito-0\" name=\"form_fields[cfi_linea_credito][]\"> <label for=\"form-field-cfi_linea_credito-0\">COMPETITIVIDAD PYME  <\/label><\/span><span class=\"elementor-field-option\"><input type=\"checkbox\" value=\"FINANCIAMIENTO VERDE\" id=\"form-field-cfi_linea_credito-1\" name=\"form_fields[cfi_linea_credito][]\"> <label for=\"form-field-cfi_linea_credito-1\">FINANCIAMIENTO VERDE<\/label><\/span><span class=\"elementor-field-option\"><input type=\"checkbox\" value=\"DESARROLLO PRODUCTIVO Y FINANCIERO DE MUJERES\" id=\"form-field-cfi_linea_credito-2\" name=\"form_fields[cfi_linea_credito][]\"> <label for=\"form-field-cfi_linea_credito-2\">DESARROLLO PRODUCTIVO Y FINANCIERO DE MUJERES<\/label><\/span><span class=\"elementor-field-option\"><input type=\"checkbox\" value=\"PROGRAMA DE ABORDAJE INTEGRAL\" id=\"form-field-cfi_linea_credito-3\" name=\"form_fields[cfi_linea_credito][]\"> <label for=\"form-field-cfi_linea_credito-3\">PROGRAMA DE ABORDAJE INTEGRAL<\/label><\/span><span class=\"elementor-field-option\"><input type=\"checkbox\" value=\"PRODUCCI\u00d3N REGIONAL EXPORTABLE\" id=\"form-field-cfi_linea_credito-4\" name=\"form_fields[cfi_linea_credito][]\"> <label for=\"form-field-cfi_linea_credito-4\">PRODUCCI\u00d3N REGIONAL EXPORTABLE<\/label><\/span><\/div>\t\t\t\t<\/div>\n\t\t\t\t\t\t\t\t<div class=\"elementor-field-type-textarea elementor-field-group elementor-column elementor-field-group-cfi_mensaje elementor-col-100\">\n\t\t\t\t\t<label for=\"form-field-cfi_mensaje\" class=\"elementor-field-label\">Mensaje<\/label><textarea class=\"elementor-field-textual elementor-field  elementor-size-sm\" name=\"form_fields[cfi_mensaje]\" id=\"form-field-cfi_mensaje\" rows=\"4\" placeholder=\"Cu\u00e9ntanos sobre tu proyecto\"><\/textarea>\t\t\t\t<\/div>\n\t\t\t\t\t\t\t\t<div class=\"elementor-field-group elementor-column elementor-field-type-submit elementor-col-100 e-form__buttons\">\n\t\t\t\t\t<button type=\"submit\" class=\"elementor-button elementor-size-sm\">\n\t\t\t\t\t\t<span >\n\t\t\t\t\t\t\t\t\t\t\t\t\t\t\t<span class=\" elementor-button-icon\">\n\t\t\t\t\t\t\t\t\t\t\t\t\t\t\t\t\t\t\t\t\t\t\t\t\t\t<\/span>\n\t\t\t\t\t\t\t\t\t\t\t\t\t\t\t\t\t\t\t\t\t\t<span class=\"elementor-button-text\">Enviar<\/span>\n\t\t\t\t\t\t\t\t\t\t\t\t\t<\/span>\n\t\t\t\t\t<\/button>\n\t\t\t\t<\/div>\n\t\t\t<\/div>\n\t\t<\/form>\n\t\t\t\t<\/div>\n\t\t\t\t<\/div>\n\t\t\t\t\t<\/div>\n\t\t<\/div>\n\t\t\t\t\t\t\t<\/div>\n\t\t<\/section>\n\t\t\t\t<section data-particle_enable=\"false\" data-particle-mobile-disabled=\"false\" class=\"elementor-section elementor-top-section elementor-element elementor-element-cc0b5c1 elementor-section-boxed elementor-section-height-default elementor-section-height-default\" data-id=\"cc0b5c1\" data-element_type=\"section\">\n\t\t\t\t\t\t\t<div class=\"elementor-background-overlay\"><\/div>\n\t\t\t\t\t\t\t<div class=\"elementor-container elementor-column-gap-default\">\n\t\t\t\t\t<div class=\"elementor-column elementor-col-100 elementor-top-column elementor-element elementor-element-648adc9\" data-id=\"648adc9\" data-element_type=\"column\">\n\t\t\t<div class=\"elementor-widget-wrap elementor-element-populated\">\n\t\t\t\t\t\t\t\t<div class=\"elementor-element elementor-element-9beec66 elementor-widget elementor-widget-html\" data-id=\"9beec66\" data-element_type=\"widget\" data-widget_type=\"html.default\">\n\t\t\t\t<div class=\"elementor-widget-container\">\n\t\t\t<script>\r\n  document.addEventListener('DOMContentLoaded', function () {\r\n    const boton = document.querySelector('.toggle-formulario');\r\n    const formulario = document.getElementById('content_formulario_cfi');\r\n\r\n    if (!boton || !formulario) return;\r\n\r\n    const texto = boton.querySelector('.elementor-button-text');\r\n    const originalText = texto.textContent;\r\n    const alternateText = \"Ocultar Formulario\";\r\n\r\n    formulario.style.display = \"none\";\r\n\r\n    boton.addEventListener('click', function () {\r\n      const isVisible = formulario.style.display === \"block\";\r\n      formulario.style.display = isVisible ? 'none' : 'block';\r\n      texto.textContent = isVisible ? originalText : alternateText;\r\n    });\r\n  });\r\n  \r\n  document.addEventListener(\"DOMContentLoaded\", function () {\r\n    const formFields = document.querySelectorAll('.elementor-field-type-text input[required]');\r\n\r\n    formFields.forEach(field => {\r\n        field.title=(!field.value) ? 'Por favor, completa este campo' : '';\r\n    });\r\n    \r\n    campoTel =document.querySelector('.elementor-field-type-tel input');\r\n    campoTel.title =(!campoTel.value) ? 'Ingresa un n\u00famero de tel\u00e9fono v\u00e1lido (solo n\u00fameros, +, -, #).' : \"\" ;\r\n});\r\n<\/script>\r\n\r\n\r\n\r\n\r\n\t\t<\/div>\n\t\t\t\t<\/div>\n\t\t\t\t\t<\/div>\n\t\t<\/div>\n\t\t\t\t\t\t\t<\/div>\n\t\t<\/section>\n\t\t\t\t\t\t\t<\/div>\n\t\t","protected":false},"excerpt":{"rendered":"<p>A partir de la firma de un convenio entre el Consejo Federal de Inversiones (CFI) y la Provincia de Entre R\u00edos para brindar herramientas financieras destinadas a fortalecer el desarrollo productivo de Entre R\u00edos, se cre\u00f3 la Unidad de Gesti\u00f3n T\u00e9cnica en Concordia que estar\u00e1 a cargo de CAFESG.Esta Unidad tendr\u00e1 a su cargo varias [&hellip;]<\/p>\n","protected":false},"author":6,"featured_media":0,"parent":0,"menu_order":0,"comment_status":"closed","ping_status":"closed","template":"elementor_header_footer","meta":{"footnotes":""},"class_list":["post-14334","page","type-page","status-publish","hentry"],"_links":{"self":[{"href":"https:\/\/cafesg.gob.ar\/cafesg2\/wp-json\/wp\/v2\/pages\/14334","targetHints":{"allow":["GET"]}}],"collection":[{"href":"https:\/\/cafesg.gob.ar\/cafesg2\/wp-json\/wp\/v2\/pages"}],"about":[{"href":"https:\/\/cafesg.gob.ar\/cafesg2\/wp-json\/wp\/v2\/types\/page"}],"author":[{"embeddable":true,"href":"https:\/\/cafesg.gob.ar\/cafesg2\/wp-json\/wp\/v2\/users\/6"}],"replies":[{"embeddable":true,"href":"https:\/\/cafesg.gob.ar\/cafesg2\/wp-json\/wp\/v2\/comments?post=14334"}],"version-history":[{"count":10,"href":"https:\/\/cafesg.gob.ar\/cafesg2\/wp-json\/wp\/v2\/pages\/14334\/revisions"}],"predecessor-version":[{"id":16394,"href":"https:\/\/cafesg.gob.ar\/cafesg2\/wp-json\/wp\/v2\/pages\/14334\/revisions\/16394"}],"wp:attachment":[{"href":"https:\/\/cafesg.gob.ar\/cafesg2\/wp-json\/wp\/v2\/media?parent=14334"}],"curies":[{"name":"wp","href":"https:\/\/api.w.org\/{rel}","templated":true}]}}