 {"id":12339,"date":"2024-08-20T10:06:20","date_gmt":"2024-08-20T13:06:20","guid":{"rendered":"https:\/\/cafesg.gob.ar\/cafesg2\/?page_id=12339"},"modified":"2025-07-30T11:34:37","modified_gmt":"2025-07-30T14:34:37","slug":"capacitaciones","status":"publish","type":"page","link":"https:\/\/cafesg.gob.ar\/cafesg2\/capacitaciones\/","title":{"rendered":"Capacitaciones"},"content":{"rendered":"\t\t<div data-elementor-type=\"wp-page\" data-elementor-id=\"12339\" class=\"elementor elementor-12339\">\n\t\t\t\t\t\t\t\t\t<section data-particle_enable=\"false\" data-particle-mobile-disabled=\"false\" class=\"elementor-section elementor-top-section elementor-element elementor-element-bfaf132 elementor-section-full_width elementor-section-height-min-height elementor-section-content-middle elementor-section-height-default elementor-section-items-middle\" data-id=\"bfaf132\" data-element_type=\"section\" data-settings=\"{&quot;background_background&quot;:&quot;classic&quot;}\">\n\t\t\t\t\t\t\t<div class=\"elementor-background-overlay\"><\/div>\n\t\t\t\t\t\t\t<div class=\"elementor-container elementor-column-gap-default\">\n\t\t\t\t\t<div class=\"elementor-column elementor-col-100 elementor-top-column elementor-element elementor-element-859433a\" data-id=\"859433a\" data-element_type=\"column\">\n\t\t\t<div class=\"elementor-widget-wrap\">\n\t\t\t\t\t\t\t\t\t<\/div>\n\t\t<\/div>\n\t\t\t\t\t\t\t<\/div>\n\t\t<\/section>\n\t\t\t\t<section data-particle_enable=\"false\" data-particle-mobile-disabled=\"false\" class=\"elementor-section elementor-top-section elementor-element elementor-element-5989e42f elementor-section-boxed elementor-section-height-default elementor-section-height-default\" data-id=\"5989e42f\" data-element_type=\"section\">\n\t\t\t\t\t\t<div class=\"elementor-container elementor-column-gap-default\">\n\t\t\t\t\t<div class=\"elementor-column elementor-col-100 elementor-top-column elementor-element elementor-element-6bf8afa5\" data-id=\"6bf8afa5\" data-element_type=\"column\">\n\t\t\t<div class=\"elementor-widget-wrap elementor-element-populated\">\n\t\t\t\t\t\t\t\t\t<\/div>\n\t\t<\/div>\n\t\t\t\t\t\t\t<\/div>\n\t\t<\/section>\n\t\t\t\t<section data-particle_enable=\"false\" data-particle-mobile-disabled=\"false\" class=\"elementor-section elementor-top-section elementor-element elementor-element-48cb547d elementor-section-boxed elementor-section-height-default elementor-section-height-default\" data-id=\"48cb547d\" data-element_type=\"section\">\n\t\t\t\t\t\t<div class=\"elementor-container elementor-column-gap-default\">\n\t\t\t\t\t<div class=\"elementor-column elementor-col-50 elementor-top-column elementor-element elementor-element-8981c5e\" data-id=\"8981c5e\" data-element_type=\"column\">\n\t\t\t<div class=\"elementor-widget-wrap elementor-element-populated\">\n\t\t\t\t\t\t\t\t<div class=\"elementor-element elementor-element-4bff2bcf elementor-widget elementor-widget-posts\" data-id=\"4bff2bcf\" data-element_type=\"widget\" data-settings=\"{&quot;full_content_row_gap&quot;:{&quot;unit&quot;:&quot;px&quot;,&quot;size&quot;:36,&quot;sizes&quot;:[]}}\" data-widget_type=\"posts.full_content\">\n\t\t\t\t<div class=\"elementor-widget-container\">\n\t\t\t\t\t<div class=\"elementor-posts-container elementor-posts elementor-posts--skin-full_content elementor-grid\">\n\t\t\t\t<article class=\"elementor-post elementor-grid-item post-13844 post type-post status-publish format-standard hentry category-capacitaciones\">\n\t\t\t\t<div class=\"elementor-post__text\">\n\t\t\t\t<h3 class=\"elementor-post__title\">\n\t\t\t<a href=\"https:\/\/cafesg.gob.ar\/cafesg2\/programa-de-sensibilizacion-y-monitoreo-del-mosquito-aedes-aegypti\/\" >\n\t\t\t\tPrograma de Sensibilizaci\u00f3n y Monitoreo del Mosquito Aedes Aegypti\t\t\t<\/a>\n\t\t<\/h3>\n\t\t\t\t<div class=\"elementor-post__meta-data\">\n\t\t\t\t\t<span class=\"elementor-post-date\">\n\t\t\tmarzo 14, 2025\t\t<\/span>\n\t\t\t\t<\/div>\n\t\t<p>&nbsp;<\/p>\n<p>El objetivo principal del programa es mitigar los impactos del Dengue en la regi\u00f3n realizando \u00a0\u00a0jornadas de prevenci\u00f3n para los ni\u00f1os y ni\u00f1as de Los Charr\u00faas, La Criolla, San Jos\u00e9, Federaci\u00f3n. Las capacitaciones est\u00e1n a cargo del equipo t\u00e9cnico de la CAFESG.<\/p>\n<p>Un aspecto fundamental del programa es el trabajo articulado con \u00e1reas municipales, Hospitales, Centros de Salud, Clubes, Nodos Epidiemol\u00f3gicos, CONICET,\u00a0 Programa Provincial de\u00a0 Zoonosis del Ministerio de Salud Entre R\u00edos y las Escuelas desde el inicio del ciclo lectivo, ya que se considera a estas instituciones como actores claves en todo lo referido a prevenci\u00f3n sanitaria.<\/p>\n<p>Hasta ahora hemos realizado:<\/p>\n<p>&#8211; 16 Charlas -Taller en escuelas primarias, secundarias, ESJA, Clubes, Colonias de Vacaciones de las que participaron m\u00e1s de 1100 personas.<\/p>\n<p>&#8211; 1 Abordaje Socio Comunitario en los barrios San Miguel y El Brillante de la ciudad de San Jos\u00e9, donde se visitaron 323casas y el asilo de ancianos<\/p>\n<p>&#8211; Entrega de folleter\u00eda en recreativo municipal de San Jos\u00e9, feria del libro de la ciudad de Federaci\u00f3n, Hospital San Jos\u00e9 y centro de salud Ambrosetti de la ciudad de San Jos\u00e9.<\/p>\n<p>&nbsp;<\/p>\n\t\t<\/div>\n\t\t\t\t<\/article>\n\t\t\t\t<article class=\"elementor-post elementor-grid-item post-13842 post type-post status-publish format-standard hentry category-capacitaciones\">\n\t\t\t\t<div class=\"elementor-post__text\">\n\t\t\t\t<h3 class=\"elementor-post__title\">\n\t\t\t<a href=\"https:\/\/cafesg.gob.ar\/cafesg2\/seguridad-e-higiene\/\" >\n\t\t\t\tSeguridad e Higiene\t\t\t<\/a>\n\t\t<\/h3>\n\t\t\t\t<div class=\"elementor-post__meta-data\">\n\t\t\t\t\t<span class=\"elementor-post-date\">\n\t\t\tmarzo 14, 2025\t\t<\/span>\n\t\t\t\t<\/div>\n\t\t<p style=\"margin: 0cm; line-height: 1.7;\"><strong><u>CAPACITACI\u00d3N<\/u>: <\/strong>Seguridad e Higiene<\/p>\n<p style=\"margin: 0cm; line-height: 1.7;\"><strong><u>TEM\u00c1TICA<\/u>: <\/strong>conocimientos b\u00e1sicos en lo que respecta a riesgos el\u00e9ctricos y de incendio, uso de matafuegos, manipulaci\u00f3n de herramientas, elementos de seguridad, trabajo en altura, medidas de prevenci\u00f3n a los efectos de reducir todo tipo de accidentes en la construcci\u00f3n de carrozas humor\u00edsticas y aleg\u00f3ricas a cargo de los estudiantes.<\/p>\n<p style=\"margin: 0cm; line-height: 1.7;\"><strong><u>DESTINATARIOS<\/u>: <\/strong>350 estudiantes secundarios de 5to y 6to a\u00f1o de 34 escuelas de la ciudad de que participan de la Fiesta del Estudiante de la ciudad de Concordia<\/p>\n<p style=\"margin: 0cm; line-height: 1.7;\"><strong><u>CAPACITACI\u00d3N A CARGO DE<\/u>:<\/strong>personal t\u00e9cnico de CAFESG<\/p>\n<p style=\"margin: 0cm; line-height: 1.7;\"><strong><u>ORGANIZADO POR<\/u>: <\/strong>CAFESG y ECU (Estudiantes Concordienses Unidos).<\/p>\n<p style=\"margin: 0cm; line-height: 1.7;\"><strong><u>FECHA Y HORARIO<\/u>: <\/strong>2024<\/p>\n<p style=\"margin: 0cm; line-height: 1.7;\"><strong><u>INSCRIPCIONES<\/u>: <\/strong>CERRADAS<\/p>\n<p style=\"margin: 0cm; line-height: 1.7;\"><strong><u>ESTADO<\/u>:<\/strong> FINALIZADO<\/p>\n<p>&nbsp;<\/p>\n\t\t<\/div>\n\t\t\t\t<\/article>\n\t\t\t\t<article class=\"elementor-post elementor-grid-item post-12370 post type-post status-publish format-standard hentry category-capacitaciones\">\n\t\t\t\t<div class=\"elementor-post__text\">\n\t\t\t\t<h3 class=\"elementor-post__title\">\n\t\t\t<a href=\"https:\/\/cafesg.gob.ar\/cafesg2\/etiquetado-frontal\/\" >\n\t\t\t\tEtiquetado Frontal\t\t\t<\/a>\n\t\t<\/h3>\n\t\t\t\t<div class=\"elementor-post__meta-data\">\n\t\t\t\t\t<span class=\"elementor-post-date\">\n\t\t\tagosto 21, 2024\t\t<\/span>\n\t\t\t\t<\/div>\n\t\t<p style=\"margin: 0cm; line-height: 1.7;\"><strong><u>CAPACITACI\u00d3N<\/u>: <\/strong>Etiquetado frontal<\/p>\n<p style=\"margin: 0cm; line-height: 1.7;\"><strong><u>TEM\u00c1TICA<\/u>: <\/strong>Fundamentos y aplicaciones de la Ley 27642, productos alcanzados y modificaciones introducidas.<\/p>\n<p style=\"margin: 0cm; line-height: 1.7;\"><strong><u>DESTINATARIOS<\/u>: <\/strong>Emprendedores gastron\u00f3micos y p\u00fablico en general.<\/p>\n<p style=\"margin: 0cm; line-height: 1.7;\"><strong><u>CAPACITACI\u00d3N A CARGO DE<\/u>: T\u00e9cnica en tecnolog\u00eda de los Alimentos, Ivana Wallingre (CAFESG).<\/strong><\/p>\n<p style=\"margin: 0cm; line-height: 1.7;\"><strong><u>ORGANIZADO POR<\/u>: <\/strong>CAFESG y Municipalidad de Federaci\u00f3n.<\/p>\n<p style=\"margin: 0cm; line-height: 1.7;\"><strong><u>FECHA Y HORARIO<\/u>: <\/strong>Martes 23 de Julio y Martes 30 de Julio<\/p>\n<p style=\"margin: 0cm; line-height: 1.7;\"><strong><u>INSCRIPCIONES<\/u>: <\/strong>Direcci\u00f3n de Producci\u00f3n y Ambiente &#8211; Municipalidad de Federaci\u00f3n -3456 463935<\/p>\n<p style=\"margin: 0cm; line-height: 1.7;\"><strong><u>ESTADO<\/u>:<\/strong> FINALIZADO<\/p>\n<p>&nbsp;<\/p>\n\t\t<\/div>\n\t\t\t\t<\/article>\n\t\t\t\t<\/div>\n\t\t\t\t<\/div>\n\t\t\t\t<\/div>\n\t\t\t\t\t<\/div>\n\t\t<\/div>\n\t\t\t\t<div class=\"elementor-column elementor-col-50 elementor-top-column elementor-element elementor-element-4e77a8f\" data-id=\"4e77a8f\" data-element_type=\"column\">\n\t\t\t<div class=\"elementor-widget-wrap elementor-element-populated\">\n\t\t\t\t\t\t\t\t\t<\/div>\n\t\t<\/div>\n\t\t\t\t\t\t\t<\/div>\n\t\t<\/section>\n\t\t\t\t\t\t\t<\/div>\n\t\t","protected":false},"excerpt":{"rendered":"","protected":false},"author":6,"featured_media":0,"parent":0,"menu_order":0,"comment_status":"closed","ping_status":"closed","template":"elementor_header_footer","meta":{"footnotes":""},"class_list":["post-12339","page","type-page","status-publish","hentry"],"_links":{"self":[{"href":"https:\/\/cafesg.gob.ar\/cafesg2\/wp-json\/wp\/v2\/pages\/12339","targetHints":{"allow":["GET"]}}],"collection":[{"href":"https:\/\/cafesg.gob.ar\/cafesg2\/wp-json\/wp\/v2\/pages"}],"about":[{"href":"https:\/\/cafesg.gob.ar\/cafesg2\/wp-json\/wp\/v2\/types\/page"}],"author":[{"embeddable":true,"href":"https:\/\/cafesg.gob.ar\/cafesg2\/wp-json\/wp\/v2\/users\/6"}],"replies":[{"embeddable":true,"href":"https:\/\/cafesg.gob.ar\/cafesg2\/wp-json\/wp\/v2\/comments?post=12339"}],"version-history":[{"count":10,"href":"https:\/\/cafesg.gob.ar\/cafesg2\/wp-json\/wp\/v2\/pages\/12339\/revisions"}],"predecessor-version":[{"id":15977,"href":"https:\/\/cafesg.gob.ar\/cafesg2\/wp-json\/wp\/v2\/pages\/12339\/revisions\/15977"}],"wp:attachment":[{"href":"https:\/\/cafesg.gob.ar\/cafesg2\/wp-json\/wp\/v2\/media?parent=12339"}],"curies":[{"name":"wp","href":"https:\/\/api.w.org\/{rel}","templated":true}]}}